{"id":18,"date":"2022-08-12T13:59:55","date_gmt":"2022-08-12T13:59:55","guid":{"rendered":"https:\/\/inforserv.pt\/pt\/?page_id=18"},"modified":"2022-08-15T21:10:50","modified_gmt":"2022-08-15T21:10:50","slug":"terms","status":"publish","type":"page","link":"https:\/\/inforserv.pt\/pt\/terms\/","title":{"rendered":"Termos &#038; Condi\u00e7\u00f5es"},"content":{"rendered":"","protected":false},"excerpt":{"rendered":"","protected":false},"author":1,"featured_media":0,"parent":0,"menu_order":0,"comment_status":"closed","ping_status":"closed","template":"page-templates\/tpl-terms.php","meta":{"footnotes":""},"class_list":["post-18","page","type-page","status-publish","hentry"],"yoast_head":"<!-- This site is optimized with the Yoast SEO Premium plugin v19.1 (Yoast SEO v19.5.1) - https:\/\/yoast.com\/wordpress\/plugins\/seo\/ -->\n<title>Termos &amp; Condi\u00e7\u00f5es - InforServ<\/title>\n<meta name=\"description\" content=\"Conhe\u00e7a os termos &amp; condi\u00e7\u00f5es do InforServ.pt.\" \/>\n<meta name=\"robots\" content=\"index, follow, max-snippet:-1, max-image-preview:large, max-video-preview:-1\" \/>\n<link rel=\"canonical\" href=\"https:\/\/inforserv.pt\/pt\/terms\/\" \/>\n<meta property=\"og:locale\" content=\"pt_PT\" \/>\n<meta property=\"og:type\" content=\"article\" \/>\n<meta property=\"og:title\" content=\"Termos &amp; Condi\u00e7\u00f5es\" \/>\n<meta property=\"og:description\" content=\"Conhe\u00e7a os termos &amp; condi\u00e7\u00f5es do InforServ.pt.\" \/>\n<meta property=\"og:url\" content=\"https:\/\/inforserv.pt\/pt\/terms\/\" \/>\n<meta property=\"og:site_name\" content=\"InforServ\" \/>\n<meta property=\"article:publisher\" content=\"https:\/\/www.facebook.pt\/inforserv.pt\" \/>\n<meta property=\"article:modified_time\" content=\"2022-08-15T21:10:50+00:00\" \/>\n<meta property=\"og:image\" content=\"https:\/\/inforserv.pt\/pt\/wp-content\/uploads\/sites\/2\/2022\/08\/inforserv_facebook.jpg\" \/>\n\t<meta property=\"og:image:width\" content=\"2560\" \/>\n\t<meta property=\"og:image:height\" content=\"1707\" \/>\n\t<meta property=\"og:image:type\" content=\"image\/jpeg\" \/>\n<meta name=\"twitter:card\" content=\"summary_large_image\" \/>\n<script type=\"application\/ld+json\" class=\"yoast-schema-graph\">{\"@context\":\"https:\/\/schema.org\",\"@graph\":[{\"@type\":\"WebPage\",\"@id\":\"https:\/\/inforserv.pt\/pt\/terms\/\",\"url\":\"https:\/\/inforserv.pt\/pt\/terms\/\",\"name\":\"Termos & Condi\u00e7\u00f5es - InforServ\",\"isPartOf\":{\"@id\":\"https:\/\/inforserv.pt\/pt\/#website\"},\"datePublished\":\"2022-08-12T13:59:55+00:00\",\"dateModified\":\"2022-08-15T21:10:50+00:00\",\"description\":\"Conhe\u00e7a os termos & condi\u00e7\u00f5es do InforServ.pt.\",\"breadcrumb\":{\"@id\":\"https:\/\/inforserv.pt\/pt\/terms\/#breadcrumb\"},\"inLanguage\":\"pt-PT\",\"potentialAction\":[{\"@type\":\"ReadAction\",\"target\":[\"https:\/\/inforserv.pt\/pt\/terms\/\"]}]},{\"@type\":\"BreadcrumbList\",\"@id\":\"https:\/\/inforserv.pt\/pt\/terms\/#breadcrumb\",\"itemListElement\":[{\"@type\":\"ListItem\",\"position\":1,\"name\":\"Home\",\"item\":\"https:\/\/inforserv.pt\/pt\/\"},{\"@type\":\"ListItem\",\"position\":2,\"name\":\"Termos &#038; Condi\u00e7\u00f5es\"}]},{\"@type\":\"WebSite\",\"@id\":\"https:\/\/inforserv.pt\/pt\/#website\",\"url\":\"https:\/\/inforserv.pt\/pt\/\",\"name\":\"InforServ\",\"description\":\"Inform\u00e1tica &amp; Servi\u00e7os\",\"publisher\":{\"@id\":\"https:\/\/inforserv.pt\/pt\/#organization\"},\"potentialAction\":[{\"@type\":\"SearchAction\",\"target\":{\"@type\":\"EntryPoint\",\"urlTemplate\":\"https:\/\/inforserv.pt\/pt\/?s={search_term_string}\"},\"query-input\":\"required name=search_term_string\"}],\"inLanguage\":\"pt-PT\"},{\"@type\":\"Organization\",\"@id\":\"https:\/\/inforserv.pt\/pt\/#organization\",\"name\":\"InforServ\",\"url\":\"https:\/\/inforserv.pt\/pt\/\",\"sameAs\":[\"https:\/\/www.tiktok.com\/@inforserv\",\"https:\/\/www.youtube.com\/c\/inforserv\",\"https:\/\/www.instagram.com\/inforserv.pt\",\"https:\/\/www.facebook.pt\/inforserv.pt\"],\"logo\":{\"@type\":\"ImageObject\",\"inLanguage\":\"pt-PT\",\"@id\":\"https:\/\/inforserv.pt\/pt\/#\/schema\/logo\/image\/\",\"url\":\"https:\/\/inforserv.pt\/pt\/wp-content\/uploads\/sites\/2\/2022\/08\/InforServ_Watermark_512x512.png\",\"contentUrl\":\"https:\/\/inforserv.pt\/pt\/wp-content\/uploads\/sites\/2\/2022\/08\/InforServ_Watermark_512x512.png\",\"width\":512,\"height\":512,\"caption\":\"InforServ\"},\"image\":{\"@id\":\"https:\/\/inforserv.pt\/pt\/#\/schema\/logo\/image\/\"}}]}<\/script>\n<!-- \/ Yoast SEO Premium plugin. -->","yoast_head_json":{"title":"Termos & Condi\u00e7\u00f5es - InforServ","description":"Conhe\u00e7a os termos & condi\u00e7\u00f5es do InforServ.pt.","robots":{"index":"index","follow":"follow","max-snippet":"max-snippet:-1","max-image-preview":"max-image-preview:large","max-video-preview":"max-video-preview:-1"},"canonical":"https:\/\/inforserv.pt\/pt\/terms\/","og_locale":"pt_PT","og_type":"article","og_title":"Termos & Condi\u00e7\u00f5es","og_description":"Conhe\u00e7a os termos & condi\u00e7\u00f5es do InforServ.pt.","og_url":"https:\/\/inforserv.pt\/pt\/terms\/","og_site_name":"InforServ","article_publisher":"https:\/\/www.facebook.pt\/inforserv.pt","article_modified_time":"2022-08-15T21:10:50+00:00","og_image":[{"width":2560,"height":1707,"url":"https:\/\/inforserv.pt\/pt\/wp-content\/uploads\/sites\/2\/2022\/08\/inforserv_facebook.jpg","type":"image\/jpeg"}],"twitter_card":"summary_large_image","schema":{"@context":"https:\/\/schema.org","@graph":[{"@type":"WebPage","@id":"https:\/\/inforserv.pt\/pt\/terms\/","url":"https:\/\/inforserv.pt\/pt\/terms\/","name":"Termos & Condi\u00e7\u00f5es - InforServ","isPartOf":{"@id":"https:\/\/inforserv.pt\/pt\/#website"},"datePublished":"2022-08-12T13:59:55+00:00","dateModified":"2022-08-15T21:10:50+00:00","description":"Conhe\u00e7a os termos & condi\u00e7\u00f5es do InforServ.pt.","breadcrumb":{"@id":"https:\/\/inforserv.pt\/pt\/terms\/#breadcrumb"},"inLanguage":"pt-PT","potentialAction":[{"@type":"ReadAction","target":["https:\/\/inforserv.pt\/pt\/terms\/"]}]},{"@type":"BreadcrumbList","@id":"https:\/\/inforserv.pt\/pt\/terms\/#breadcrumb","itemListElement":[{"@type":"ListItem","position":1,"name":"Home","item":"https:\/\/inforserv.pt\/pt\/"},{"@type":"ListItem","position":2,"name":"Termos &#038; Condi\u00e7\u00f5es"}]},{"@type":"WebSite","@id":"https:\/\/inforserv.pt\/pt\/#website","url":"https:\/\/inforserv.pt\/pt\/","name":"InforServ","description":"Inform\u00e1tica &amp; Servi\u00e7os","publisher":{"@id":"https:\/\/inforserv.pt\/pt\/#organization"},"potentialAction":[{"@type":"SearchAction","target":{"@type":"EntryPoint","urlTemplate":"https:\/\/inforserv.pt\/pt\/?s={search_term_string}"},"query-input":"required name=search_term_string"}],"inLanguage":"pt-PT"},{"@type":"Organization","@id":"https:\/\/inforserv.pt\/pt\/#organization","name":"InforServ","url":"https:\/\/inforserv.pt\/pt\/","sameAs":["https:\/\/www.tiktok.com\/@inforserv","https:\/\/www.youtube.com\/c\/inforserv","https:\/\/www.instagram.com\/inforserv.pt","https:\/\/www.facebook.pt\/inforserv.pt"],"logo":{"@type":"ImageObject","inLanguage":"pt-PT","@id":"https:\/\/inforserv.pt\/pt\/#\/schema\/logo\/image\/","url":"https:\/\/inforserv.pt\/pt\/wp-content\/uploads\/sites\/2\/2022\/08\/InforServ_Watermark_512x512.png","contentUrl":"https:\/\/inforserv.pt\/pt\/wp-content\/uploads\/sites\/2\/2022\/08\/InforServ_Watermark_512x512.png","width":512,"height":512,"caption":"InforServ"},"image":{"@id":"https:\/\/inforserv.pt\/pt\/#\/schema\/logo\/image\/"}}]}},"_links":{"self":[{"href":"https:\/\/inforserv.pt\/pt\/wp-json\/wp\/v2\/pages\/18","targetHints":{"allow":["GET"]}}],"collection":[{"href":"https:\/\/inforserv.pt\/pt\/wp-json\/wp\/v2\/pages"}],"about":[{"href":"https:\/\/inforserv.pt\/pt\/wp-json\/wp\/v2\/types\/page"}],"author":[{"embeddable":true,"href":"https:\/\/inforserv.pt\/pt\/wp-json\/wp\/v2\/users\/1"}],"replies":[{"embeddable":true,"href":"https:\/\/inforserv.pt\/pt\/wp-json\/wp\/v2\/comments?post=18"}],"version-history":[{"count":1,"href":"https:\/\/inforserv.pt\/pt\/wp-json\/wp\/v2\/pages\/18\/revisions"}],"predecessor-version":[{"id":19,"href":"https:\/\/inforserv.pt\/pt\/wp-json\/wp\/v2\/pages\/18\/revisions\/19"}],"wp:attachment":[{"href":"https:\/\/inforserv.pt\/pt\/wp-json\/wp\/v2\/media?parent=18"}],"curies":[{"name":"wp","href":"https:\/\/api.w.org\/{rel}","templated":true}]}}