{"id":14,"date":"2022-08-12T13:58:40","date_gmt":"2022-08-12T13:58:40","guid":{"rendered":"https:\/\/inforserv.pt\/pt\/?page_id=14"},"modified":"2022-08-15T21:20:05","modified_gmt":"2022-08-15T21:20:05","slug":"contact","status":"publish","type":"page","link":"https:\/\/inforserv.pt\/pt\/contact\/","title":{"rendered":"Contacte-nos"},"content":{"rendered":"\n<form id=\"contact\"><div class=\"flex flex-col w-4\/5 mx-auto space-y-4 md:w-4\/6\"><div><label for=\"yourname\" class=\"block mb-2 text-sm font-medium text-gray-900 dark:text-gray-300\">O seu nome<\/label><div class=\"relative\"><div class=\"flex absolute inset-y-0 left-0 items-center pl-3 pointer-events-none\"><svg aria-hidden=\"true\" class=\"w-5 h-5 text-gray-500 dark:text-isPrimaryLight\" fill=\"currentColor\" viewBox=\"0 0 20 20\" xmlns=\"http:\/\/www.w3.org\/2000\/svg\"><path fill-rule=\"evenodd\" d=\"M10 9a3 3 0 100-6 3 3 0 000 6zm-7 9a7 7 0 1114 0H3z\" clip-rule=\"evenodd\"><\/path><\/svg><\/div><input type=\"text\" name=\"yourname\" id=\"yourname\" class=\"bg-isBackground border border-isPrimary text-isSecondary text-sm rounded-lg focus:ring-isPrimaryLight focus:border-isPrimaryLight block w-full pl-10 p-2.5\" placeholder=\"Introduza o seu nome\"><\/div><p id=\"yourname-error\" class=\"display:none text-red-700 font-light\"><\/p><\/div><div><label for=\"email-address\" class=\"block mb-2 text-sm font-medium text-gray-900 dark:text-gray-300\">Endere\u00e7o de Email<\/label><div class=\"relative\"><div class=\"flex absolute inset-y-0 left-0 items-center pl-3 pointer-events-none\"><svg aria-hidden=\"true\" class=\"w-5 h-5 text-isPrimaryLight dark:text-isPrimaryLight\" fill=\"currentColor\" viewBox=\"0 0 20 20\" xmlns=\"http:\/\/www.w3.org\/2000\/svg\"><path d=\"M2.003 5.884L10 9.882l7.997-3.998A2 2 0 0016 4H4a2 2 0 00-1.997 1.884z\"><\/path><path d=\"M18 8.118l-8 4-8-4V14a2 2 0 002 2h12a2 2 0 002-2V8.118z\"><\/path><\/svg><\/div><input type=\"text\" name=\"email-address\" id=\"email-address\" class=\"bg-isBackground border border-isPrimary text-isSecondary text-sm rounded-lg focus:ring-isPrimaryLight focus:border-blue-500 block w-full pl-10 p-2.5\" placeholder=\"Introduza o seu endere\u00e7o de email\"><\/div><p id=\"email-address-error\" class=\"display: none text-red-700 font-light\"><\/p><\/div><label for=\"message\" class=\"block mb-2 text-sm font-medium text-gray-900 dark:text-gray-300\">A sua mensagem<\/label><div><textarea name=\"message\" id=\"message\" rows=\"4\" class=\"block p-2.5 w-full text-sm text-isSecondary bg-isBackground rounded-lg border border-isPrimary focus:ring-isPrimaryLight focus:border-isPrimaryLight\" placeholder=\"Deixe a sua mensagem...\"><\/textarea><\/div><p id=\"message-error\" class=\"display:none text-red-700 font-light\"><\/p><div><button type=\"submit\" id=\"contact-form-pt\" name=\"contact-form-pt\" class=\"text-white bg-isPrimary hover:bg-isPrimaryLight focus:ring-4 focus:outline-none focus:ring-blue-300 font-medium rounded-lg text-sm w-full sm:w-auto px-5 py-2.5 text-center\">ENVIAR MENSAGEM<\/button><\/div><\/form><\/div><script>let sitept = \"https:\/\/inforserv.pt\/pt\/\";<\/script><script src=\"https:\/\/inforserv.pt\/pt\/wp-content\/themes\/inforserv2022pt\/assets\/dist\/js\/contactus-pt.js?v=1778592666\"><\/script>\n","protected":false},"excerpt":{"rendered":"","protected":false},"author":1,"featured_media":0,"parent":0,"menu_order":0,"comment_status":"closed","ping_status":"closed","template":"page-templates\/tpl-contactus.php","meta":{"footnotes":""},"class_list":["post-14","page","type-page","status-publish","hentry"],"yoast_head":"<!-- This site is optimized with the Yoast SEO Premium plugin v19.1 (Yoast SEO v19.5.1) - https:\/\/yoast.com\/wordpress\/plugins\/seo\/ -->\n<title>Contacte-nos - InforServ<\/title>\n<meta name=\"description\" content=\"Nossos contatos e localiza\u00e7\u00e3o no mapa. O que voc\u00ea est\u00e1 esperando? Contacte-nos j\u00e1, para obter a melhor solu\u00e7\u00e3o para a sua casa ou empresa.\" \/>\n<meta name=\"robots\" content=\"index, follow, max-snippet:-1, max-image-preview:large, max-video-preview:-1\" \/>\n<link rel=\"canonical\" href=\"https:\/\/inforserv.pt\/pt\/contact\/\" \/>\n<meta property=\"og:locale\" content=\"pt_PT\" \/>\n<meta property=\"og:type\" content=\"article\" \/>\n<meta property=\"og:title\" content=\"Contacte-nos\" \/>\n<meta property=\"og:description\" content=\"Nossos contatos e localiza\u00e7\u00e3o no mapa. O que voc\u00ea est\u00e1 esperando? Contacte-nos j\u00e1, para obter a melhor solu\u00e7\u00e3o para a sua casa ou empresa.\" \/>\n<meta property=\"og:url\" content=\"https:\/\/inforserv.pt\/pt\/contact\/\" \/>\n<meta property=\"og:site_name\" content=\"InforServ\" \/>\n<meta property=\"article:publisher\" content=\"https:\/\/www.facebook.pt\/inforserv.pt\" \/>\n<meta property=\"article:modified_time\" content=\"2022-08-15T21:20:05+00:00\" \/>\n<meta property=\"og:image\" content=\"https:\/\/inforserv.pt\/pt\/wp-content\/uploads\/sites\/2\/2022\/08\/inforserv_facebook.jpg\" \/>\n\t<meta property=\"og:image:width\" content=\"2560\" \/>\n\t<meta property=\"og:image:height\" content=\"1707\" \/>\n\t<meta property=\"og:image:type\" content=\"image\/jpeg\" \/>\n<meta name=\"twitter:card\" content=\"summary_large_image\" \/>\n<meta name=\"twitter:label1\" content=\"Tempo estimado de leitura\" \/>\n\t<meta name=\"twitter:data1\" content=\"1 minuto\" \/>\n<script type=\"application\/ld+json\" class=\"yoast-schema-graph\">{\"@context\":\"https:\/\/schema.org\",\"@graph\":[{\"@type\":\"WebPage\",\"@id\":\"https:\/\/inforserv.pt\/pt\/contact\/\",\"url\":\"https:\/\/inforserv.pt\/pt\/contact\/\",\"name\":\"Contacte-nos - InforServ\",\"isPartOf\":{\"@id\":\"https:\/\/inforserv.pt\/pt\/#website\"},\"datePublished\":\"2022-08-12T13:58:40+00:00\",\"dateModified\":\"2022-08-15T21:20:05+00:00\",\"description\":\"Nossos contatos e localiza\u00e7\u00e3o no mapa. O que voc\u00ea est\u00e1 esperando? Contacte-nos j\u00e1, para obter a melhor solu\u00e7\u00e3o para a sua casa ou empresa.\",\"breadcrumb\":{\"@id\":\"https:\/\/inforserv.pt\/pt\/contact\/#breadcrumb\"},\"inLanguage\":\"pt-PT\",\"potentialAction\":[{\"@type\":\"ReadAction\",\"target\":[\"https:\/\/inforserv.pt\/pt\/contact\/\"]}]},{\"@type\":\"BreadcrumbList\",\"@id\":\"https:\/\/inforserv.pt\/pt\/contact\/#breadcrumb\",\"itemListElement\":[{\"@type\":\"ListItem\",\"position\":1,\"name\":\"Home\",\"item\":\"https:\/\/inforserv.pt\/pt\/\"},{\"@type\":\"ListItem\",\"position\":2,\"name\":\"Contacte-nos\"}]},{\"@type\":\"WebSite\",\"@id\":\"https:\/\/inforserv.pt\/pt\/#website\",\"url\":\"https:\/\/inforserv.pt\/pt\/\",\"name\":\"InforServ\",\"description\":\"Inform\u00e1tica &amp; Servi\u00e7os\",\"publisher\":{\"@id\":\"https:\/\/inforserv.pt\/pt\/#organization\"},\"potentialAction\":[{\"@type\":\"SearchAction\",\"target\":{\"@type\":\"EntryPoint\",\"urlTemplate\":\"https:\/\/inforserv.pt\/pt\/?s={search_term_string}\"},\"query-input\":\"required name=search_term_string\"}],\"inLanguage\":\"pt-PT\"},{\"@type\":\"Organization\",\"@id\":\"https:\/\/inforserv.pt\/pt\/#organization\",\"name\":\"InforServ\",\"url\":\"https:\/\/inforserv.pt\/pt\/\",\"sameAs\":[\"https:\/\/www.tiktok.com\/@inforserv\",\"https:\/\/www.youtube.com\/c\/inforserv\",\"https:\/\/www.instagram.com\/inforserv.pt\",\"https:\/\/www.facebook.pt\/inforserv.pt\"],\"logo\":{\"@type\":\"ImageObject\",\"inLanguage\":\"pt-PT\",\"@id\":\"https:\/\/inforserv.pt\/pt\/#\/schema\/logo\/image\/\",\"url\":\"https:\/\/inforserv.pt\/pt\/wp-content\/uploads\/sites\/2\/2022\/08\/InforServ_Watermark_512x512.png\",\"contentUrl\":\"https:\/\/inforserv.pt\/pt\/wp-content\/uploads\/sites\/2\/2022\/08\/InforServ_Watermark_512x512.png\",\"width\":512,\"height\":512,\"caption\":\"InforServ\"},\"image\":{\"@id\":\"https:\/\/inforserv.pt\/pt\/#\/schema\/logo\/image\/\"}}]}<\/script>\n<!-- \/ Yoast SEO Premium plugin. -->","yoast_head_json":{"title":"Contacte-nos - InforServ","description":"Nossos contatos e localiza\u00e7\u00e3o no mapa. O que voc\u00ea est\u00e1 esperando? Contacte-nos j\u00e1, para obter a melhor solu\u00e7\u00e3o para a sua casa ou empresa.","robots":{"index":"index","follow":"follow","max-snippet":"max-snippet:-1","max-image-preview":"max-image-preview:large","max-video-preview":"max-video-preview:-1"},"canonical":"https:\/\/inforserv.pt\/pt\/contact\/","og_locale":"pt_PT","og_type":"article","og_title":"Contacte-nos","og_description":"Nossos contatos e localiza\u00e7\u00e3o no mapa. O que voc\u00ea est\u00e1 esperando? Contacte-nos j\u00e1, para obter a melhor solu\u00e7\u00e3o para a sua casa ou empresa.","og_url":"https:\/\/inforserv.pt\/pt\/contact\/","og_site_name":"InforServ","article_publisher":"https:\/\/www.facebook.pt\/inforserv.pt","article_modified_time":"2022-08-15T21:20:05+00:00","og_image":[{"width":2560,"height":1707,"url":"https:\/\/inforserv.pt\/pt\/wp-content\/uploads\/sites\/2\/2022\/08\/inforserv_facebook.jpg","type":"image\/jpeg"}],"twitter_card":"summary_large_image","twitter_misc":{"Tempo estimado de leitura":"1 minuto"},"schema":{"@context":"https:\/\/schema.org","@graph":[{"@type":"WebPage","@id":"https:\/\/inforserv.pt\/pt\/contact\/","url":"https:\/\/inforserv.pt\/pt\/contact\/","name":"Contacte-nos - InforServ","isPartOf":{"@id":"https:\/\/inforserv.pt\/pt\/#website"},"datePublished":"2022-08-12T13:58:40+00:00","dateModified":"2022-08-15T21:20:05+00:00","description":"Nossos contatos e localiza\u00e7\u00e3o no mapa. O que voc\u00ea est\u00e1 esperando? Contacte-nos j\u00e1, para obter a melhor solu\u00e7\u00e3o para a sua casa ou empresa.","breadcrumb":{"@id":"https:\/\/inforserv.pt\/pt\/contact\/#breadcrumb"},"inLanguage":"pt-PT","potentialAction":[{"@type":"ReadAction","target":["https:\/\/inforserv.pt\/pt\/contact\/"]}]},{"@type":"BreadcrumbList","@id":"https:\/\/inforserv.pt\/pt\/contact\/#breadcrumb","itemListElement":[{"@type":"ListItem","position":1,"name":"Home","item":"https:\/\/inforserv.pt\/pt\/"},{"@type":"ListItem","position":2,"name":"Contacte-nos"}]},{"@type":"WebSite","@id":"https:\/\/inforserv.pt\/pt\/#website","url":"https:\/\/inforserv.pt\/pt\/","name":"InforServ","description":"Inform\u00e1tica &amp; Servi\u00e7os","publisher":{"@id":"https:\/\/inforserv.pt\/pt\/#organization"},"potentialAction":[{"@type":"SearchAction","target":{"@type":"EntryPoint","urlTemplate":"https:\/\/inforserv.pt\/pt\/?s={search_term_string}"},"query-input":"required name=search_term_string"}],"inLanguage":"pt-PT"},{"@type":"Organization","@id":"https:\/\/inforserv.pt\/pt\/#organization","name":"InforServ","url":"https:\/\/inforserv.pt\/pt\/","sameAs":["https:\/\/www.tiktok.com\/@inforserv","https:\/\/www.youtube.com\/c\/inforserv","https:\/\/www.instagram.com\/inforserv.pt","https:\/\/www.facebook.pt\/inforserv.pt"],"logo":{"@type":"ImageObject","inLanguage":"pt-PT","@id":"https:\/\/inforserv.pt\/pt\/#\/schema\/logo\/image\/","url":"https:\/\/inforserv.pt\/pt\/wp-content\/uploads\/sites\/2\/2022\/08\/InforServ_Watermark_512x512.png","contentUrl":"https:\/\/inforserv.pt\/pt\/wp-content\/uploads\/sites\/2\/2022\/08\/InforServ_Watermark_512x512.png","width":512,"height":512,"caption":"InforServ"},"image":{"@id":"https:\/\/inforserv.pt\/pt\/#\/schema\/logo\/image\/"}}]}},"_links":{"self":[{"href":"https:\/\/inforserv.pt\/pt\/wp-json\/wp\/v2\/pages\/14","targetHints":{"allow":["GET"]}}],"collection":[{"href":"https:\/\/inforserv.pt\/pt\/wp-json\/wp\/v2\/pages"}],"about":[{"href":"https:\/\/inforserv.pt\/pt\/wp-json\/wp\/v2\/types\/page"}],"author":[{"embeddable":true,"href":"https:\/\/inforserv.pt\/pt\/wp-json\/wp\/v2\/users\/1"}],"replies":[{"embeddable":true,"href":"https:\/\/inforserv.pt\/pt\/wp-json\/wp\/v2\/comments?post=14"}],"version-history":[{"count":2,"href":"https:\/\/inforserv.pt\/pt\/wp-json\/wp\/v2\/pages\/14\/revisions"}],"predecessor-version":[{"id":31,"href":"https:\/\/inforserv.pt\/pt\/wp-json\/wp\/v2\/pages\/14\/revisions\/31"}],"wp:attachment":[{"href":"https:\/\/inforserv.pt\/pt\/wp-json\/wp\/v2\/media?parent=14"}],"curies":[{"name":"wp","href":"https:\/\/api.w.org\/{rel}","templated":true}]}}