{"id":12,"date":"2022-08-12T13:58:19","date_gmt":"2022-08-12T13:58:19","guid":{"rendered":"https:\/\/inforserv.pt\/pt\/?page_id=12"},"modified":"2022-08-15T21:08:29","modified_gmt":"2022-08-15T21:08:29","slug":"videos","status":"publish","type":"page","link":"https:\/\/inforserv.pt\/pt\/videos\/","title":{"rendered":"Os nossos V\u00eddeos"},"content":{"rendered":"\n<!-- Latest Videos Title -->\n<div class=\"container flex flex-col w-full items-center px-6 mx-auto mt-0 space-y-0 py-6 md:py-2 md:flex-row md:space-y-0\">\n        <h1 class=\"text-2xl w-full font-bold text-center mt-0 md:mt-0 md:py-12 md:text-3xl\">\n            \u00daltimos <u class=\"text-isPrimary\">V\u00eddeos<\/u> Publicados\n\t\t<\/h1>\n<\/div>  \n     <!-- latest videos grid -->\n     <div class=\"grid py-4 md:grid-cols-3 gap-6\">\n                <div class=\"shadow-lg rounded-lg relative overflow-hidden bg-no-repeat bg-cover\">\n            \n            <div class=\"w-full text-center\">\n                <a class=\"text-sm hover:text-isPrimary\" href=\"https:\/\/www.tiktok.com\/@inforserv\/video\/7144827415544614150\" target=\"_blank\" title=\"Ver no TikTok\">\n                    Ver no TikTok\n                <\/a>\n            <\/div>\n                <div class=\"mt-4\">\n                    <video id=\"7144827415544614150330\"\n                           class=\"w-240 mx-auto video-js video-js-default vjs-default-skin\"\n                           controls\n                           width=\"240\"\n                           height=\"427\"\n                           data-setup='{ \"loop\": \"true\", \"techOrder\": [\"html5\"] }'\n                           poster=\"https:\/\/p16-sign-va.tiktokcdn.com\/tos-maliva-p-0068\/ffa86c0344574b44ae323d30689fb4d5_1663534776~tplv-dmt-logom:tos-useast2a-v-0068\/269ca89096494c2cbe370356bffdb6cf.image?x-expires=1665687600&x-signature=Eg%2BAIHOcfbYYOrLaGj1oFLd37Ts%3D\">\n                           <source src=\"https:\/\/v16-webapp.tiktok.com\/30e659dc3cd4b4110e98995b3bb5a1d7\/634863f9\/video\/tos\/useast2a\/tos-useast2a-ve-0068c001\/270696f823d548c49a29219f0fd7c10a\/?a=1988&ch=0&cr=0&dr=0&lr=tiktok_m&cd=0%7C0%7C1%7C0&cv=1&br=3354&bt=1677&cs=0&ds=3&ft=kLO5qyQAZmo0PLBwVBkVQHnzmiHKJdmC0&mime_type=video_mp4&qs=0&rc=NDk6OWhlPGg4NDc7ZjtnZEBpanNpZmg6ZjRyZjMzNzczM0BgNWBjYC9eNV4xMjFhNjMtYSNwaV5wcjRvYWdgLS1kMTZzcw%3D%3D&l=20221013131512010190219202173FE9AE&btag=80000\" type=\"video\/mp4\" \/>\n                    <\/video>\n                <\/div>\n\n            <div class=\"mx-auto my-3 text-center\" style=\"width:240px;\">\n                <p class=\"break-words text-xs\">Tava no ponto #inforserv #fyp #foryou #matheusceara #humor <\/p>\n            <\/div>\n            <div class=\"mx-auto\" style=\"width:200px;\">\n                <div class=\"mx-auto mt-2 gap-y-1\">\n                        <div class=\"w-full text-left text-xs\">\n                            <span class=\"dashicons dashicons-calendar-alt text-isPrimary\"><\/span> 18\/09\/2022 20:59:32                        <\/div>\n                        <div class=\"w-full mt-2 text-left text-xs\">\n                            <span class=\"dashicons dashicons-welcome-view-site text-isPrimary\"><\/span> 87.3K Visualiza\u00e7\u00f5es\n                        <\/div>\n                        <div class=\"w-full mt-2 text-left text-xs\">\n                            <span class=\"dashicons dashicons-heart text-isPrimary\"><\/span> 2.9K Gostos\n                        <\/div>\n                        <div class=\"w-full mt-2 text-left text-xs\">\n                            <span class=\"dashicons dashicons-admin-comments text-isPrimary\"><\/span> 20 Coment\u00e1rios\n                        <\/div>\n                        <div class=\"w-full mt-2 text-left text-xs\">\n                            <span class=\"dashicons dashicons-share-alt2 text-isPrimary\"><\/span> 442 Partilhas\n                        <\/div>\n                <\/div>\n            <\/div>        \n        <\/div>\n                <div class=\"shadow-lg rounded-lg relative overflow-hidden bg-no-repeat bg-cover\">\n            \n            <div class=\"w-full text-center\">\n                <a class=\"text-sm hover:text-isPrimary\" href=\"https:\/\/www.tiktok.com\/@inforserv\/video\/7144754645091552518\" target=\"_blank\" title=\"Ver no TikTok\">\n                    Ver no TikTok\n                <\/a>\n            <\/div>\n                <div class=\"mt-4\">\n                    <video id=\"7144754645091552518807\"\n                           class=\"w-240 mx-auto video-js video-js-default vjs-default-skin\"\n                           controls\n                           width=\"240\"\n                           height=\"427\"\n                           data-setup='{ \"loop\": \"true\", \"techOrder\": [\"html5\"] }'\n                           poster=\"https:\/\/p16-sign-va.tiktokcdn.com\/tos-maliva-p-0068\/9156b4cfc009430283dec988786a4dcc_1663517836~tplv-dmt-logom:tos-useast2a-v-0068\/0fbd1d8a97a14d4995a4f11f9d12c791.image?x-expires=1665687600&x-signature=6EQBauoBXil9sTq4KUZmBYhsPzg%3D\">\n                           <source src=\"https:\/\/v16-webapp.tiktok.com\/e15ad9874f6b3013fca75ddf2173df01\/634863f8\/video\/tos\/useast2a\/tos-useast2a-pve-0068\/e7c50077143a4b6c831827718c5ffa13\/?a=1988&ch=0&cr=0&dr=0&lr=tiktok_m&cd=0%7C0%7C1%7C0&cv=1&br=3700&bt=1850&cs=0&ds=3&ft=kLO5qyQAZmo0PLBwVBkVQHnzmiHKJdmC0&mime_type=video_mp4&qs=0&rc=OWdkNjNoN2Q2Zmk2ZGY6M0BpM3RxdTw6ZnduZjMzNzczM0AtYjEtMDUwNTIxNDReM2AxYSMwM29hcjRnM2dgLS1kMTZzcw%3D%3D&l=20221013131512010190219202173FE9AE&btag=80000\" type=\"video\/mp4\" \/>\n                    <\/video>\n                <\/div>\n\n            <div class=\"mx-auto my-3 text-center\" style=\"width:240px;\">\n                <p class=\"break-words text-xs\">O dia clareando #inforserv #fyp #foryou #matheusceara #humor <\/p>\n            <\/div>\n            <div class=\"mx-auto\" style=\"width:200px;\">\n                <div class=\"mx-auto mt-2 gap-y-1\">\n                        <div class=\"w-full text-left text-xs\">\n                            <span class=\"dashicons dashicons-calendar-alt text-isPrimary\"><\/span> 18\/09\/2022 16:17:08                        <\/div>\n                        <div class=\"w-full mt-2 text-left text-xs\">\n                            <span class=\"dashicons dashicons-welcome-view-site text-isPrimary\"><\/span> 2.7K Visualiza\u00e7\u00f5es\n                        <\/div>\n                        <div class=\"w-full mt-2 text-left text-xs\">\n                            <span class=\"dashicons dashicons-heart text-isPrimary\"><\/span> 115 Gostos\n                        <\/div>\n                        <div class=\"w-full mt-2 text-left text-xs\">\n                            <span class=\"dashicons dashicons-admin-comments text-isPrimary\"><\/span> 1 Coment\u00e1rios\n                        <\/div>\n                        <div class=\"w-full mt-2 text-left text-xs\">\n                            <span class=\"dashicons dashicons-share-alt2 text-isPrimary\"><\/span> 9 Partilhas\n                        <\/div>\n                <\/div>\n            <\/div>        \n        <\/div>\n                <div class=\"shadow-lg rounded-lg relative overflow-hidden bg-no-repeat bg-cover\">\n            \n            <div class=\"w-full text-center\">\n                <a class=\"text-sm hover:text-isPrimary\" href=\"https:\/\/www.tiktok.com\/@inforserv\/video\/7141115871421828357\" target=\"_blank\" title=\"Ver no TikTok\">\n                    Ver no TikTok\n                <\/a>\n            <\/div>\n                <div class=\"mt-4\">\n                    <video id=\"7141115871421828357406\"\n                           class=\"w-240 mx-auto video-js video-js-default vjs-default-skin\"\n                           controls\n                           width=\"240\"\n                           height=\"427\"\n                           data-setup='{ \"loop\": \"true\", \"techOrder\": [\"html5\"] }'\n                           poster=\"https:\/\/p16-sign-va.tiktokcdn.com\/tos-maliva-p-0068\/1aa57e5e3dcd4aa69490282893a9e921_1662670618~tplv-dmt-logom:tos-useast2a-v-0068\/34d37ff3cb934908bdb69ca2a49a1b5e.image?x-expires=1665687600&x-signature=HpExySpfWYw3ixeFeLiCCvOW%2FNU%3D\">\n                           <source src=\"https:\/\/v16-webapp.tiktok.com\/d8ee3cd65af3bea1d3459e7c18673ecd\/634863fb\/video\/tos\/useast2a\/tos-useast2a-ve-0068c001\/f7204491a9a945968367d0442136bbd5\/?a=1988&ch=0&cr=0&dr=0&lr=tiktok_m&cd=0%7C0%7C1%7C0&cv=1&br=5992&bt=2996&cs=0&ds=3&ft=kLO5qyQAZmo0PLBwVBkVQHnzmiHKJdmC0&mime_type=video_mp4&qs=0&rc=NDZpMzo8NzdoOWg2ZDRoM0Bpam52ZDw6Zmg4ZjMzNzczM0BjNmNeNjY1NjExNWM2YDE1YSNeXjU2cjRnNGFgLS1kMTZzcw%3D%3D&l=20221013131512010190219202173FE9AE&btag=80000\" type=\"video\/mp4\" \/>\n                    <\/video>\n                <\/div>\n\n            <div class=\"mx-auto my-3 text-center\" style=\"width:240px;\">\n                <p class=\"break-words text-xs\">Pegando a leoa #inforserv #fyp #foryou #matheusceara #humor <\/p>\n            <\/div>\n            <div class=\"mx-auto\" style=\"width:200px;\">\n                <div class=\"mx-auto mt-2 gap-y-1\">\n                        <div class=\"w-full text-left text-xs\">\n                            <span class=\"dashicons dashicons-calendar-alt text-isPrimary\"><\/span> 08\/09\/2022 20:56:55                        <\/div>\n                        <div class=\"w-full mt-2 text-left text-xs\">\n                            <span class=\"dashicons dashicons-welcome-view-site text-isPrimary\"><\/span> 533.4K Visualiza\u00e7\u00f5es\n                        <\/div>\n                        <div class=\"w-full mt-2 text-left text-xs\">\n                            <span class=\"dashicons dashicons-heart text-isPrimary\"><\/span> 15.5K Gostos\n                        <\/div>\n                        <div class=\"w-full mt-2 text-left text-xs\">\n                            <span class=\"dashicons dashicons-admin-comments text-isPrimary\"><\/span> 121 Coment\u00e1rios\n                        <\/div>\n                        <div class=\"w-full mt-2 text-left text-xs\">\n                            <span class=\"dashicons dashicons-share-alt2 text-isPrimary\"><\/span> 5.4K Partilhas\n                        <\/div>\n                <\/div>\n            <\/div>        \n        <\/div>\n             <\/div>\n\n<!-- Trending Videos Title -->\n<div class=\"container flex flex-col w-full items-center px-6 mx-auto mt-4 space-y-0 py-6 md:py-2 md:flex-row md:space-y-0\">\n        <h1 class=\"text-2xl w-full font-bold text-center mt-0 md:mt-0 md:py-12 md:text-3xl\">\n          <u class=\"text-isPrimary\">V\u00eddeos<\/u> Virais (\u00faltimos 7 dias)\n\t\t    <\/h1>\n<\/div>  \n     <!-- Trending videos flex -->\n     <div class=\"grid py-4 mb-24 md:grid-cols-3 md:py-12 gap-6\">\n            \n        <div class=\"shadow-lg rounded-lg relative overflow-hidden bg-no-repeat bg-cover\">\n            \n            <div class=\"w-full text-center\">\n                <a class=\"text-sm hover:text-isPrimary\" href=\"https:\/\/www.tiktok.com\/@inforserv\/video\/\" target=\"_blank\" title=\"Ver no TikTok\">\n                    Ver no TikTok\n                <\/a>\n            <\/div>\n                <div class=\"mt-4\">\n                    <video id=\"514\"\n                           class=\"w-240 mx-auto video-js video-js-default vjs-default-skin\"\n                           controls\n                           width=\"240\"\n                           height=\"427\"\n                           data-setup='{ \"loop\": \"true\", \"techOrder\": [\"html5\"] }'\n                           poster=\"\">\n                           <source src=\"\" type=\"video\/mp4\" \/>\n                    <\/video>\n                <\/div>\n\n            <div class=\"mx-auto mt-2 mb-2 py-1.5 text-center\" style=\"width:240px;\">\n                <p class=\"break-words text-xs\"><\/p>\n            <\/div>\n            <div class=\"mx-auto\" style=\"width:200px;\">\n                <div class=\"mx-auto mt-2 gap-y-1\">\n                        <div class=\"w-full mt-2 text-left text-xs\">\n                            <span class=\"dashicons dashicons-calendar-alt text-isPrimary\"><\/span>                         <\/div>\n                        <div class=\"w-full mt-2 text-left text-xs\">\n                            <span class=\"dashicons dashicons-welcome-view-site text-isPrimary\"><\/span>  Visualiza\u00e7\u00f5es\n                        <\/div>\n                        <div class=\"w-full mt-2 text-left text-xs\">\n                            <span class=\"dashicons dashicons-heart text-isPrimary\"><\/span>  Gostos\n                        <\/div>\n                        <div class=\"w-full mt-2 text-left text-xs\">\n                            <span class=\"dashicons dashicons-admin-comments text-isPrimary\"><\/span>  Coment\u00e1rios\n                        <\/div>\n                        <div class=\"w-full mt-2 text-left text-xs\">\n                            <span class=\"dashicons dashicons-share-alt2 text-isPrimary\"><\/span>  Partilhas\n                        <\/div>\n                <\/div>\n            <\/div>        \n        <\/div>\n            \n        <div class=\"shadow-lg rounded-lg relative overflow-hidden bg-no-repeat bg-cover\">\n            \n            <div class=\"w-full text-center\">\n                <a class=\"text-sm hover:text-isPrimary\" href=\"https:\/\/www.tiktok.com\/@inforserv\/video\/\" target=\"_blank\" title=\"Ver no TikTok\">\n                    Ver no TikTok\n                <\/a>\n            <\/div>\n                <div class=\"mt-4\">\n                    <video id=\"874\"\n                           class=\"w-240 mx-auto video-js video-js-default vjs-default-skin\"\n                           controls\n                           width=\"240\"\n                           height=\"427\"\n                           data-setup='{ \"loop\": \"true\", \"techOrder\": [\"html5\"] }'\n                           poster=\"\">\n                           <source src=\"\" type=\"video\/mp4\" \/>\n                    <\/video>\n                <\/div>\n\n            <div class=\"mx-auto mt-2 mb-2 py-1.5 text-center\" style=\"width:240px;\">\n                <p class=\"break-words text-xs\"><\/p>\n            <\/div>\n            <div class=\"mx-auto\" style=\"width:200px;\">\n                <div class=\"mx-auto mt-2 gap-y-1\">\n                        <div class=\"w-full mt-2 text-left text-xs\">\n                            <span class=\"dashicons dashicons-calendar-alt text-isPrimary\"><\/span>                         <\/div>\n                        <div class=\"w-full mt-2 text-left text-xs\">\n                            <span class=\"dashicons dashicons-welcome-view-site text-isPrimary\"><\/span>  Visualiza\u00e7\u00f5es\n                        <\/div>\n                        <div class=\"w-full mt-2 text-left text-xs\">\n                            <span class=\"dashicons dashicons-heart text-isPrimary\"><\/span>  Gostos\n                        <\/div>\n                        <div class=\"w-full mt-2 text-left text-xs\">\n                            <span class=\"dashicons dashicons-admin-comments text-isPrimary\"><\/span>  Coment\u00e1rios\n                        <\/div>\n                        <div class=\"w-full mt-2 text-left text-xs\">\n                            <span class=\"dashicons dashicons-share-alt2 text-isPrimary\"><\/span>  Partilhas\n                        <\/div>\n                <\/div>\n            <\/div>        \n        <\/div>\n            \n        <div class=\"shadow-lg rounded-lg relative overflow-hidden bg-no-repeat bg-cover\">\n            \n            <div class=\"w-full text-center\">\n                <a class=\"text-sm hover:text-isPrimary\" href=\"https:\/\/www.tiktok.com\/@inforserv\/video\/\" target=\"_blank\" title=\"Ver no TikTok\">\n                    Ver no TikTok\n                <\/a>\n            <\/div>\n                <div class=\"mt-4\">\n                    <video id=\"280\"\n                           class=\"w-240 mx-auto video-js video-js-default vjs-default-skin\"\n                           controls\n                           width=\"240\"\n                           height=\"427\"\n                           data-setup='{ \"loop\": \"true\", \"techOrder\": [\"html5\"] }'\n                           poster=\"\">\n                           <source src=\"\" type=\"video\/mp4\" \/>\n                    <\/video>\n                <\/div>\n\n            <div class=\"mx-auto mt-2 mb-2 py-1.5 text-center\" style=\"width:240px;\">\n                <p class=\"break-words text-xs\"><\/p>\n            <\/div>\n            <div class=\"mx-auto\" style=\"width:200px;\">\n                <div class=\"mx-auto mt-2 gap-y-1\">\n                        <div class=\"w-full mt-2 text-left text-xs\">\n                            <span class=\"dashicons dashicons-calendar-alt text-isPrimary\"><\/span>                         <\/div>\n                        <div class=\"w-full mt-2 text-left text-xs\">\n                            <span class=\"dashicons dashicons-welcome-view-site text-isPrimary\"><\/span>  Visualiza\u00e7\u00f5es\n                        <\/div>\n                        <div class=\"w-full mt-2 text-left text-xs\">\n                            <span class=\"dashicons dashicons-heart text-isPrimary\"><\/span>  Gostos\n                        <\/div>\n                        <div class=\"w-full mt-2 text-left text-xs\">\n                            <span class=\"dashicons dashicons-admin-comments text-isPrimary\"><\/span>  Coment\u00e1rios\n                        <\/div>\n                        <div class=\"w-full mt-2 text-left text-xs\">\n                            <span class=\"dashicons dashicons-share-alt2 text-isPrimary\"><\/span>  Partilhas\n                        <\/div>\n                <\/div>\n            <\/div>        \n        <\/div>\n        \n     <\/div>\n","protected":false},"excerpt":{"rendered":"","protected":false},"author":1,"featured_media":0,"parent":0,"menu_order":0,"comment_status":"closed","ping_status":"closed","template":"page-templates\/tpl-videos.php","meta":{"footnotes":""},"class_list":["post-12","page","type-page","status-publish","hentry"],"yoast_head":"<!-- This site is optimized with the Yoast SEO Premium plugin v19.1 (Yoast SEO v19.5.1) - https:\/\/yoast.com\/wordpress\/plugins\/seo\/ -->\n<title>Os nossos V\u00eddeos - InforServ<\/title>\n<meta name=\"description\" content=\"A InforServ no TikTok. Produzindo v\u00eddeos para divertir os nossos seguidores. J\u00e1 contamos com mais de 100k. Fa\u00e7a parte da nossa comunidade no TikTok.\" \/>\n<meta name=\"robots\" content=\"index, follow, max-snippet:-1, max-image-preview:large, max-video-preview:-1\" \/>\n<link rel=\"canonical\" href=\"https:\/\/inforserv.pt\/pt\/videos\/\" \/>\n<meta property=\"og:locale\" content=\"pt_PT\" \/>\n<meta property=\"og:type\" content=\"article\" \/>\n<meta property=\"og:title\" content=\"Os nossos V\u00eddeos\" \/>\n<meta property=\"og:description\" content=\"A InforServ no TikTok. Produzindo v\u00eddeos para divertir os nossos seguidores. J\u00e1 contamos com mais de 100k. Fa\u00e7a parte da nossa comunidade no TikTok.\" \/>\n<meta property=\"og:url\" content=\"https:\/\/inforserv.pt\/pt\/videos\/\" \/>\n<meta property=\"og:site_name\" content=\"InforServ\" \/>\n<meta property=\"article:publisher\" content=\"https:\/\/www.facebook.pt\/inforserv.pt\" \/>\n<meta property=\"article:modified_time\" content=\"2022-08-15T21:08:29+00:00\" \/>\n<meta property=\"og:image\" content=\"https:\/\/inforserv.pt\/pt\/wp-content\/uploads\/sites\/2\/2022\/08\/inforserv_facebook.jpg\" \/>\n\t<meta property=\"og:image:width\" content=\"2560\" \/>\n\t<meta property=\"og:image:height\" content=\"1707\" \/>\n\t<meta property=\"og:image:type\" content=\"image\/jpeg\" \/>\n<meta name=\"twitter:card\" content=\"summary_large_image\" \/>\n<meta name=\"twitter:label1\" content=\"Tempo estimado de leitura\" \/>\n\t<meta name=\"twitter:data1\" content=\"1 minuto\" \/>\n<script type=\"application\/ld+json\" class=\"yoast-schema-graph\">{\"@context\":\"https:\/\/schema.org\",\"@graph\":[{\"@type\":\"WebPage\",\"@id\":\"https:\/\/inforserv.pt\/pt\/videos\/\",\"url\":\"https:\/\/inforserv.pt\/pt\/videos\/\",\"name\":\"Os nossos V\u00eddeos - InforServ\",\"isPartOf\":{\"@id\":\"https:\/\/inforserv.pt\/pt\/#website\"},\"datePublished\":\"2022-08-12T13:58:19+00:00\",\"dateModified\":\"2022-08-15T21:08:29+00:00\",\"description\":\"A InforServ no TikTok. Produzindo v\u00eddeos para divertir os nossos seguidores. J\u00e1 contamos com mais de 100k. Fa\u00e7a parte da nossa comunidade no TikTok.\",\"breadcrumb\":{\"@id\":\"https:\/\/inforserv.pt\/pt\/videos\/#breadcrumb\"},\"inLanguage\":\"pt-PT\",\"potentialAction\":[{\"@type\":\"ReadAction\",\"target\":[\"https:\/\/inforserv.pt\/pt\/videos\/\"]}]},{\"@type\":\"BreadcrumbList\",\"@id\":\"https:\/\/inforserv.pt\/pt\/videos\/#breadcrumb\",\"itemListElement\":[{\"@type\":\"ListItem\",\"position\":1,\"name\":\"Home\",\"item\":\"https:\/\/inforserv.pt\/pt\/\"},{\"@type\":\"ListItem\",\"position\":2,\"name\":\"Os nossos V\u00eddeos\"}]},{\"@type\":\"WebSite\",\"@id\":\"https:\/\/inforserv.pt\/pt\/#website\",\"url\":\"https:\/\/inforserv.pt\/pt\/\",\"name\":\"InforServ\",\"description\":\"Inform\u00e1tica &amp; Servi\u00e7os\",\"publisher\":{\"@id\":\"https:\/\/inforserv.pt\/pt\/#organization\"},\"potentialAction\":[{\"@type\":\"SearchAction\",\"target\":{\"@type\":\"EntryPoint\",\"urlTemplate\":\"https:\/\/inforserv.pt\/pt\/?s={search_term_string}\"},\"query-input\":\"required name=search_term_string\"}],\"inLanguage\":\"pt-PT\"},{\"@type\":\"Organization\",\"@id\":\"https:\/\/inforserv.pt\/pt\/#organization\",\"name\":\"InforServ\",\"url\":\"https:\/\/inforserv.pt\/pt\/\",\"sameAs\":[\"https:\/\/www.tiktok.com\/@inforserv\",\"https:\/\/www.youtube.com\/c\/inforserv\",\"https:\/\/www.instagram.com\/inforserv.pt\",\"https:\/\/www.facebook.pt\/inforserv.pt\"],\"logo\":{\"@type\":\"ImageObject\",\"inLanguage\":\"pt-PT\",\"@id\":\"https:\/\/inforserv.pt\/pt\/#\/schema\/logo\/image\/\",\"url\":\"https:\/\/inforserv.pt\/pt\/wp-content\/uploads\/sites\/2\/2022\/08\/InforServ_Watermark_512x512.png\",\"contentUrl\":\"https:\/\/inforserv.pt\/pt\/wp-content\/uploads\/sites\/2\/2022\/08\/InforServ_Watermark_512x512.png\",\"width\":512,\"height\":512,\"caption\":\"InforServ\"},\"image\":{\"@id\":\"https:\/\/inforserv.pt\/pt\/#\/schema\/logo\/image\/\"}}]}<\/script>\n<!-- \/ Yoast SEO Premium plugin. -->","yoast_head_json":{"title":"Os nossos V\u00eddeos - InforServ","description":"A InforServ no TikTok. Produzindo v\u00eddeos para divertir os nossos seguidores. J\u00e1 contamos com mais de 100k. Fa\u00e7a parte da nossa comunidade no TikTok.","robots":{"index":"index","follow":"follow","max-snippet":"max-snippet:-1","max-image-preview":"max-image-preview:large","max-video-preview":"max-video-preview:-1"},"canonical":"https:\/\/inforserv.pt\/pt\/videos\/","og_locale":"pt_PT","og_type":"article","og_title":"Os nossos V\u00eddeos","og_description":"A InforServ no TikTok. Produzindo v\u00eddeos para divertir os nossos seguidores. J\u00e1 contamos com mais de 100k. Fa\u00e7a parte da nossa comunidade no TikTok.","og_url":"https:\/\/inforserv.pt\/pt\/videos\/","og_site_name":"InforServ","article_publisher":"https:\/\/www.facebook.pt\/inforserv.pt","article_modified_time":"2022-08-15T21:08:29+00:00","og_image":[{"width":2560,"height":1707,"url":"https:\/\/inforserv.pt\/pt\/wp-content\/uploads\/sites\/2\/2022\/08\/inforserv_facebook.jpg","type":"image\/jpeg"}],"twitter_card":"summary_large_image","twitter_misc":{"Tempo estimado de leitura":"1 minuto"},"schema":{"@context":"https:\/\/schema.org","@graph":[{"@type":"WebPage","@id":"https:\/\/inforserv.pt\/pt\/videos\/","url":"https:\/\/inforserv.pt\/pt\/videos\/","name":"Os nossos V\u00eddeos - InforServ","isPartOf":{"@id":"https:\/\/inforserv.pt\/pt\/#website"},"datePublished":"2022-08-12T13:58:19+00:00","dateModified":"2022-08-15T21:08:29+00:00","description":"A InforServ no TikTok. Produzindo v\u00eddeos para divertir os nossos seguidores. J\u00e1 contamos com mais de 100k. Fa\u00e7a parte da nossa comunidade no TikTok.","breadcrumb":{"@id":"https:\/\/inforserv.pt\/pt\/videos\/#breadcrumb"},"inLanguage":"pt-PT","potentialAction":[{"@type":"ReadAction","target":["https:\/\/inforserv.pt\/pt\/videos\/"]}]},{"@type":"BreadcrumbList","@id":"https:\/\/inforserv.pt\/pt\/videos\/#breadcrumb","itemListElement":[{"@type":"ListItem","position":1,"name":"Home","item":"https:\/\/inforserv.pt\/pt\/"},{"@type":"ListItem","position":2,"name":"Os nossos V\u00eddeos"}]},{"@type":"WebSite","@id":"https:\/\/inforserv.pt\/pt\/#website","url":"https:\/\/inforserv.pt\/pt\/","name":"InforServ","description":"Inform\u00e1tica &amp; Servi\u00e7os","publisher":{"@id":"https:\/\/inforserv.pt\/pt\/#organization"},"potentialAction":[{"@type":"SearchAction","target":{"@type":"EntryPoint","urlTemplate":"https:\/\/inforserv.pt\/pt\/?s={search_term_string}"},"query-input":"required name=search_term_string"}],"inLanguage":"pt-PT"},{"@type":"Organization","@id":"https:\/\/inforserv.pt\/pt\/#organization","name":"InforServ","url":"https:\/\/inforserv.pt\/pt\/","sameAs":["https:\/\/www.tiktok.com\/@inforserv","https:\/\/www.youtube.com\/c\/inforserv","https:\/\/www.instagram.com\/inforserv.pt","https:\/\/www.facebook.pt\/inforserv.pt"],"logo":{"@type":"ImageObject","inLanguage":"pt-PT","@id":"https:\/\/inforserv.pt\/pt\/#\/schema\/logo\/image\/","url":"https:\/\/inforserv.pt\/pt\/wp-content\/uploads\/sites\/2\/2022\/08\/InforServ_Watermark_512x512.png","contentUrl":"https:\/\/inforserv.pt\/pt\/wp-content\/uploads\/sites\/2\/2022\/08\/InforServ_Watermark_512x512.png","width":512,"height":512,"caption":"InforServ"},"image":{"@id":"https:\/\/inforserv.pt\/pt\/#\/schema\/logo\/image\/"}}]}},"_links":{"self":[{"href":"https:\/\/inforserv.pt\/pt\/wp-json\/wp\/v2\/pages\/12","targetHints":{"allow":["GET"]}}],"collection":[{"href":"https:\/\/inforserv.pt\/pt\/wp-json\/wp\/v2\/pages"}],"about":[{"href":"https:\/\/inforserv.pt\/pt\/wp-json\/wp\/v2\/types\/page"}],"author":[{"embeddable":true,"href":"https:\/\/inforserv.pt\/pt\/wp-json\/wp\/v2\/users\/1"}],"replies":[{"embeddable":true,"href":"https:\/\/inforserv.pt\/pt\/wp-json\/wp\/v2\/comments?post=12"}],"version-history":[{"count":2,"href":"https:\/\/inforserv.pt\/pt\/wp-json\/wp\/v2\/pages\/12\/revisions"}],"predecessor-version":[{"id":28,"href":"https:\/\/inforserv.pt\/pt\/wp-json\/wp\/v2\/pages\/12\/revisions\/28"}],"wp:attachment":[{"href":"https:\/\/inforserv.pt\/pt\/wp-json\/wp\/v2\/media?parent=12"}],"curies":[{"name":"wp","href":"https:\/\/api.w.org\/{rel}","templated":true}]}}